{"id":516,"date":"2024-12-19T21:20:30","date_gmt":"2024-12-19T21:20:30","guid":{"rendered":"https:\/\/colchonesnovi.com\/?post_type=product&#038;p=516"},"modified":"2025-10-08T10:27:26","modified_gmt":"2025-10-08T10:27:26","slug":"colchon-noviice","status":"publish","type":"product","link":"https:\/\/colchonesnovi.com\/en\/product\/colchon-noviice\/","title":{"rendered":"ICE Mattress"},"content":{"rendered":"<p>ICE by NOVI\u00ae es nuestro colch\u00f3n m\u00e1s avanzado, dise\u00f1ado con tecnolog\u00edas exclusivas para brindar m\u00e1xima frescura, soporte y confort. Su sistema de enfriamiento multicapas combina la tecnolog\u00eda ISOcore y KIKOO\u00ae con textiles inteligentes como SensICE, ComboCool<b>\u2122<\/b> y Adaptive\u00ae para una sensaci\u00f3n inmediata de frescura. Gracias a los tratamientos Purotex+ y Pilling Proof, el colch\u00f3n se mantiene limpio, libre de al\u00e9rgenos y como nuevo por m\u00e1s tiempo. ICE es innovaci\u00f3n, lujo y descanso fresco como nunca antes lo hab\u00edas sentido.<\/p>","protected":false},"excerpt":{"rendered":"<p>ICE by NOVI\u00ae is our most advanced mattress, designed with exclusive technologies to provide maximum freshness, support, and comfort. Its multi-layer cooling system combines ISOcore and KIKOO\u00ae technology with smart textiles such as SensICE\u2122, ComboCool\u00ae, and Adaptive\u00ae for an immediate feeling of freshness. Thanks to Purotex+ and Pilling Proof treatments, the mattress stays clean, allergen-free, and like new for longer. ICE is innovation, luxury, and fresh rest like you've never felt before.<\/p>","protected":false},"featured_media":1976,"comment_status":"open","ping_status":"closed","template":"","meta":{"_acf_changed":false},"product_brand":[],"product_cat":[23],"product_tag":[],"class_list":{"0":"post-516","1":"product","2":"type-product","3":"status-publish","4":"has-post-thumbnail","6":"product_cat-lineas-de-colchones","8":"first","9":"instock","10":"shipping-taxable","11":"purchasable","12":"product-type-variable"},"acf":[],"_links":{"self":[{"href":"https:\/\/colchonesnovi.com\/en\/wp-json\/wp\/v2\/product\/516","targetHints":{"allow":["GET"]}}],"collection":[{"href":"https:\/\/colchonesnovi.com\/en\/wp-json\/wp\/v2\/product"}],"about":[{"href":"https:\/\/colchonesnovi.com\/en\/wp-json\/wp\/v2\/types\/product"}],"replies":[{"embeddable":true,"href":"https:\/\/colchonesnovi.com\/en\/wp-json\/wp\/v2\/comments?post=516"}],"wp:featuredmedia":[{"embeddable":true,"href":"https:\/\/colchonesnovi.com\/en\/wp-json\/wp\/v2\/media\/1976"}],"wp:attachment":[{"href":"https:\/\/colchonesnovi.com\/en\/wp-json\/wp\/v2\/media?parent=516"}],"wp:term":[{"taxonomy":"product_brand","embeddable":true,"href":"https:\/\/colchonesnovi.com\/en\/wp-json\/wp\/v2\/product_brand?post=516"},{"taxonomy":"product_cat","embeddable":true,"href":"https:\/\/colchonesnovi.com\/en\/wp-json\/wp\/v2\/product_cat?post=516"},{"taxonomy":"product_tag","embeddable":true,"href":"https:\/\/colchonesnovi.com\/en\/wp-json\/wp\/v2\/product_tag?post=516"}],"curies":[{"name":"wp","href":"https:\/\/api.w.org\/{rel}","templated":true}]}}